{"id":205,"date":"2019-03-26T15:31:33","date_gmt":"2019-03-26T14:31:33","guid":{"rendered":"http:\/\/luna-gaski.dkonto.pl\/?page_id=205"},"modified":"2025-11-21T18:06:10","modified_gmt":"2025-11-21T17:06:10","slug":"cennik","status":"publish","type":"page","link":"https:\/\/luna-gaski.pl\/?page_id=205","title":{"rendered":"Cennik"},"content":{"rendered":"\t\t<div data-elementor-type=\"post\" data-elementor-id=\"205\" class=\"elementor elementor-205\" data-elementor-settings=\"[]\">\n\t\t\t<div class=\"elementor-inner\">\n\t\t\t\t<div class=\"elementor-section-wrap\">\n\t\t\t\t\t\t\t<section class=\"elementor-element elementor-element-7ce1ccee elementor-section-boxed elementor-section-height-default elementor-section-height-default elementor-invisible elementor-section elementor-top-section\" data-id=\"7ce1ccee\" data-element_type=\"section\" data-settings=\"{&quot;background_background&quot;:&quot;classic&quot;,&quot;animation&quot;:&quot;fadeIn&quot;,&quot;background_motion_fx_motion_fx_scrolling&quot;:&quot;yes&quot;,&quot;background_motion_fx_translateY_effect&quot;:&quot;yes&quot;,&quot;background_motion_fx_translateY_speed&quot;:{&quot;unit&quot;:&quot;px&quot;,&quot;size&quot;:4,&quot;sizes&quot;:[]},&quot;background_motion_fx_translateY_affectedRange&quot;:{&quot;unit&quot;:&quot;%&quot;,&quot;size&quot;:&quot;&quot;,&quot;sizes&quot;:{&quot;start&quot;:0,&quot;end&quot;:100}},&quot;background_motion_fx_devices&quot;:[&quot;desktop&quot;,&quot;tablet&quot;,&quot;mobile&quot;]}\">\n\t\t\t\t\t\t\t<div class=\"elementor-background-overlay\"><\/div>\n\t\t\t\t\t\t\t<div class=\"elementor-container elementor-column-gap-no\">\n\t\t\t\t<div class=\"elementor-row\">\n\t\t\t\t<div class=\"elementor-element elementor-element-29c01ab4 animated-fast elementor-invisible elementor-column elementor-col-50 elementor-top-column\" data-id=\"29c01ab4\" data-element_type=\"column\" data-settings=\"{&quot;animation&quot;:&quot;fadeInLeft&quot;,&quot;animation_delay&quot;:300}\">\n\t\t\t<div class=\"elementor-column-wrap  elementor-element-populated\">\n\t\t\t\t\t<div class=\"elementor-widget-wrap\">\n\t\t\t\t<div class=\"elementor-element elementor-element-2ee7cd34 hotel-tmpl-titles-2 elementor-widget elementor-widget-heading\" data-id=\"2ee7cd34\" data-element_type=\"widget\" data-widget_type=\"heading.default\">\n\t\t\t\t<div class=\"elementor-widget-container\">\n\t\t\t<h1 class=\"elementor-heading-title elementor-size-default\">Luna <i>G\u0105ski<\/i><br>zapraszamy<\/h1>\t\t<\/div>\n\t\t\t\t<\/div>\n\t\t\t\t\t\t<\/div>\n\t\t\t<\/div>\n\t\t<\/div>\n\t\t\t\t<div class=\"elementor-element elementor-element-7709198 animated-fast elementor-invisible elementor-column elementor-col-50 elementor-top-column\" data-id=\"7709198\" data-element_type=\"column\" data-settings=\"{&quot;animation&quot;:&quot;fadeInRight&quot;,&quot;animation_delay&quot;:500}\">\n\t\t\t<div class=\"elementor-column-wrap  elementor-element-populated\">\n\t\t\t\t\t<div class=\"elementor-widget-wrap\">\n\t\t\t\t<section class=\"elementor-element elementor-element-5b37f168 elementor-section-height-min-height elementor-section-boxed elementor-section-height-default elementor-section elementor-inner-section\" data-id=\"5b37f168\" data-element_type=\"section\">\n\t\t\t\t\t\t<div class=\"elementor-container elementor-column-gap-default\">\n\t\t\t\t<div class=\"elementor-row\">\n\t\t\t\t<div class=\"elementor-element elementor-element-5e9894cb elementor-column elementor-col-100 elementor-inner-column\" data-id=\"5e9894cb\" data-element_type=\"column\">\n\t\t\t<div class=\"elementor-column-wrap  elementor-element-populated\">\n\t\t\t\t\t<div class=\"elementor-widget-wrap\">\n\t\t\t\t<div class=\"elementor-element elementor-element-6e91dcc elementor-align-center elementor-mobile-align-center elementor-widget elementor-widget-button\" data-id=\"6e91dcc\" data-element_type=\"widget\" data-widget_type=\"button.default\">\n\t\t\t\t<div class=\"elementor-widget-container\">\n\t\t\t\t\t<div class=\"elementor-button-wrapper\">\n\t\t\t<a href=\"#kontakt\" class=\"elementor-button-link elementor-button elementor-size-lg\" role=\"button\">\n\t\t\t\t\t\t<span class=\"elementor-button-content-wrapper\">\n\t\t\t\t\t\t<span class=\"elementor-button-icon elementor-align-icon-right\">\n\t\t\t\t<i class=\"fa fa-arrow-right\" aria-hidden=\"true\"><\/i>\n\t\t\t<\/span>\n\t\t\t\t\t\t<span class=\"elementor-button-text\">zarezerwuj<\/span>\n\t\t<\/span>\n\t\t\t\t\t<\/a>\n\t\t<\/div>\n\t\t\t\t<\/div>\n\t\t\t\t<\/div>\n\t\t\t\t\t\t<\/div>\n\t\t\t<\/div>\n\t\t<\/div>\n\t\t\t\t\t\t<\/div>\n\t\t\t<\/div>\n\t\t<\/section>\n\t\t\t\t\t\t<\/div>\n\t\t\t<\/div>\n\t\t<\/div>\n\t\t\t\t\t\t<\/div>\n\t\t\t<\/div>\n\t\t<\/section>\n\t\t\t\t<section class=\"elementor-element elementor-element-75a5e22f elementor-section-boxed elementor-section-height-default elementor-section-height-default elementor-section elementor-top-section\" data-id=\"75a5e22f\" data-element_type=\"section\" data-settings=\"{&quot;background_background&quot;:&quot;classic&quot;}\">\n\t\t\t\t\t\t\t<div class=\"elementor-background-overlay\"><\/div>\n\t\t\t\t\t\t\t<div class=\"elementor-container elementor-column-gap-no\">\n\t\t\t\t<div class=\"elementor-row\">\n\t\t\t\t<div class=\"elementor-element elementor-element-2f7dfc4d animated-fast elementor-invisible elementor-column elementor-col-100 elementor-top-column\" data-id=\"2f7dfc4d\" data-element_type=\"column\" data-settings=\"{&quot;animation&quot;:&quot;fadeInUp&quot;}\">\n\t\t\t<div class=\"elementor-column-wrap  elementor-element-populated\">\n\t\t\t\t\t<div class=\"elementor-widget-wrap\">\n\t\t\t\t<section class=\"elementor-element elementor-element-311b0374 elementor-section-height-min-height elementor-section-boxed elementor-section-height-default elementor-section elementor-inner-section\" data-id=\"311b0374\" data-element_type=\"section\" data-settings=\"{&quot;background_background&quot;:&quot;classic&quot;}\">\n\t\t\t\t\t\t<div class=\"elementor-container elementor-column-gap-no\">\n\t\t\t\t<div class=\"elementor-row\">\n\t\t\t\t<div class=\"elementor-element elementor-element-522beb25 elementor-column elementor-col-100 elementor-inner-column\" data-id=\"522beb25\" data-element_type=\"column\">\n\t\t\t<div class=\"elementor-column-wrap  elementor-element-populated\">\n\t\t\t\t\t<div class=\"elementor-widget-wrap\">\n\t\t\t\t<div class=\"elementor-element elementor-element-45479a62 elementor-view-default elementor-widget elementor-widget-icon\" data-id=\"45479a62\" data-element_type=\"widget\" data-widget_type=\"icon.default\">\n\t\t\t\t<div class=\"elementor-widget-container\">\n\t\t\t\t\t<div class=\"elementor-icon-wrapper\">\n\t\t\t<div class=\"elementor-icon\">\n\t\t\t\t<i class=\"fa fa-map-marker\" aria-hidden=\"true\"><\/i>\n\t\t\t<\/div>\n\t\t<\/div>\n\t\t\t\t<\/div>\n\t\t\t\t<\/div>\n\t\t\t\t<div class=\"elementor-element elementor-element-5e9a5b9b elementor-widget elementor-widget-text-editor\" data-id=\"5e9a5b9b\" data-element_type=\"widget\" data-widget_type=\"text-editor.default\">\n\t\t\t\t<div class=\"elementor-widget-container\">\n\t\t\t\t\t<div class=\"elementor-text-editor elementor-clearfix\"><p>Cennik i regulamin<\/p><p>domek szeregowy 4 osobowy od 200 do 400<\/p><p>domek szeregowy\u00a0 5 osobowy od 220 do 400<\/p><p>\u00a0<\/p><\/div>\n\t\t\t\t<\/div>\n\t\t\t\t<\/div>\n\t\t\t\t<div class=\"elementor-element elementor-element-6e375ddb elementor-widget elementor-widget-text-editor\" data-id=\"6e375ddb\" data-element_type=\"widget\" data-widget_type=\"text-editor.default\">\n\t\t\t\t<div class=\"elementor-widget-container\">\n\t\t\t\t\t<div class=\"elementor-text-editor elementor-clearfix\"><\/div>\n\t\t\t\t<\/div>\n\t\t\t\t<\/div>\n\t\t\t\t\t\t<\/div>\n\t\t\t<\/div>\n\t\t<\/div>\n\t\t\t\t\t\t<\/div>\n\t\t\t<\/div>\n\t\t<\/section>\n\t\t\t\t\t\t<\/div>\n\t\t\t<\/div>\n\t\t<\/div>\n\t\t\t\t\t\t<\/div>\n\t\t\t<\/div>\n\t\t<\/section>\n\t\t\t\t<section class=\"elementor-element elementor-element-3c68d168 elementor-section-content-middle elementor-section-boxed elementor-section-height-default elementor-section-height-default elementor-section elementor-top-section\" data-id=\"3c68d168\" data-element_type=\"section\" data-settings=\"{&quot;background_background&quot;:&quot;classic&quot;}\">\n\t\t\t\t\t\t\t<div class=\"elementor-background-overlay\"><\/div>\n\t\t\t\t\t\t\t<div class=\"elementor-container elementor-column-gap-wide\">\n\t\t\t\t<div class=\"elementor-row\">\n\t\t\t\t<div class=\"elementor-element elementor-element-6d86ff4b elementor-column elementor-col-100 elementor-top-column\" data-id=\"6d86ff4b\" data-element_type=\"column\">\n\t\t\t<div class=\"elementor-column-wrap  elementor-element-populated\">\n\t\t\t\t\t<div class=\"elementor-widget-wrap\">\n\t\t\t\t<div class=\"elementor-element elementor-element-765e3289 elementor-invisible elementor-widget elementor-widget-divider\" data-id=\"765e3289\" data-element_type=\"widget\" data-settings=\"{&quot;_animation&quot;:&quot;fadeIn&quot;,&quot;_animation_delay&quot;:300}\" data-widget_type=\"divider.default\">\n\t\t\t\t<div class=\"elementor-widget-container\">\n\t\t\t\t\t<div class=\"elementor-divider\">\n\t\t\t<span class=\"elementor-divider-separator\"><\/span>\n\t\t<\/div>\n\t\t\t\t<\/div>\n\t\t\t\t<\/div>\n\t\t\t\t\t\t<\/div>\n\t\t\t<\/div>\n\t\t<\/div>\n\t\t\t\t\t\t<\/div>\n\t\t\t<\/div>\n\t\t<\/section>\n\t\t\t\t<section class=\"elementor-element elementor-element-dd11931 elementor-section-boxed elementor-section-height-default elementor-section-height-default elementor-section elementor-top-section\" data-id=\"dd11931\" data-element_type=\"section\" data-settings=\"{&quot;background_background&quot;:&quot;classic&quot;}\">\n\t\t\t\t\t\t<div class=\"elementor-container elementor-column-gap-default\">\n\t\t\t\t<div class=\"elementor-row\">\n\t\t\t\t<div class=\"elementor-element elementor-element-989011d elementor-column elementor-col-100 elementor-top-column\" data-id=\"989011d\" data-element_type=\"column\">\n\t\t\t<div class=\"elementor-column-wrap  elementor-element-populated\">\n\t\t\t\t\t<div class=\"elementor-widget-wrap\">\n\t\t\t\t<div class=\"elementor-element elementor-element-d3a5552 elementor-widget elementor-widget-text-editor\" data-id=\"d3a5552\" data-element_type=\"widget\" data-widget_type=\"text-editor.default\">\n\t\t\t\t<div class=\"elementor-widget-container\">\n\t\t\t\t\t<div class=\"elementor-text-editor elementor-clearfix\"><div class=\"textContainer\">Nr. rach. 84 1050 1214 1000 0022 0045 1744<\/div><div class=\"textContainer\">\u00a0<\/div><div>Maria Nowak<\/div><div>\u017baglowa 13 G\u0105ski<\/div><div>76-034 Sarbinowo<\/div><div class=\"textContainer\">\u00a0<\/div><div class=\"textContainer\">Rezerwacja jest wa\u017cna po dokonaniu zadatku 500z\u0142\u00a0 za 1 tydzie\u0144 i 1000z\u0142 za 2 tygodnie\u00a0\u00a0 w terminie 3dni od rezerwacji telefonicznej lub mailowej.<\/div><div class=\"textContainer\"><strong>\u00a0 \u00a0\u00a0\u00a0\u00a0\u00a0\u00a0\u00a0\u00a0\u00a0\u00a0\u00a0\u00a0\u00a0\u00a0\u00a0\u00a0\u00a0\u00a0\u00a0\u00a0\u00a0\u00a0\u00a0\u00a0\u00a0\u00a0\u00a0\u00a0\u00a0\u00a0\u00a0\u00a0\u00a0\u00a0\u00a0\u00a0\u00a0\u00a0\u00a0\u00a0\u00a0\u00a0\u00a0\u00a0\u00a0\u00a0\u00a0\u00a0\u00a0\u00a0\u00a0\u00a0\u00a0\u00a0\u00a0\u00a0\u00a0\u00a0\u00a0\u00a0\u00a0\u00a0\u00a0\u00a0\u00a0\u00a0\u00a0\u00a0\u00a0\u00a0\u00a0\u00a0\u00a0\u00a0\u00a0\u00a0\u00a0\u00a0\u00a0\u00a0\u00a0\u00a0\u00a0\u00a0\u00a0\u00a0\u00a0\u00a0\u00a0\u00a0\u00a0<\/strong><\/div><div class=\"textContainer\">\u00a0<\/div><div class=\"textContainer\"><strong>\u00a0 \u00a0 \u00a0Regulamin<\/strong><\/div><div class=\"textContainer\">\u00a0<\/div><div class=\"textContainer\">1. Dob\u0119 pobytu rozpoczynamy o godzinie 15:00, a ko\u0144czymy o godzinie 10:00. W okresie wakacyjnym zaczynamy i\u00a0 konczymy sobota lub niedziela<\/div><div class=\"textContainer\">2. Uregulowanie ca\u0142kowitej wp\u0142aty za pobyt nast\u0119puje w dniu przyjazdu. Pobierana jest r\u00f3wnie\u017c kaucja w wysoko\u015bci 200z\u0142, kt\u00f3ra jest zwracana po<\/div><div class=\"textContainer\">sprawdzeniu apartamentu w dniu wyjazdu.( kaucja pobierana jest na poczet ewentualnych uszkodze\u0144 jak i og\u00f3lnego porz\u0105dku)\u00a0\u00a0\u00a0\u00a0\u00a0\u00a0\u00a0\u00a0\u00a0\u00a0\u00a0<\/div><div class=\"textContainer\">3. Zadatek wp\u0142acony na poczet rezerwacji nie jest zwracany w razie odwo\u0142ania przyjazdu z winy go\u015bci jak r\u00f3wnie\u017c p\u00f3\u017cniejszy przyjazd lub wcze\u015bniejszy wyjazd nie b\u0119dzie skutkowa\u0142 zwrotem pieni\u0119dzy( liczy si\u0119 data rezerwacji).<br \/>4. Dodatkowo doliczana jest op\u0142ata miejscowa ( klimatyczna) pobierana wed\u0142ug stawki urz\u0119du gminy kt\u00f3ra wynosi, nowa stawka na rok 2024\u00a0 \u00a0 3.20 , od ka\u017cdej osoby za dzie\u0144.<br \/>5. W\u0142a\u015bciciel nie odpowiada za zaistnia\u0142e na jego terenie wypadki jak r\u00f3wnie\u017c nie bierze odpowiedzialno\u015bci za ewentualne uszkodzenia rzeczy prywatnych , straty, przepadek mienia .<br \/>6. W\u0142a\u015bciciel nieodp\u0142atnie udost\u0119pnia niestrze\u017cone miejsce parkingowe na terenie posesji\/ lub na zewn\u0105trz. ( jeden samoch\u00f3d na jeden domek szeregowy)<br \/>7. Na terenie budynku obowi\u0105zuje bezwzgl\u0119dny zakaz palenia papieros\u00f3w.<\/div><div class=\"textContainer\">\u00a0 8. Cisza nocna obowi\u0105zuje od godziny 22:00-7:00.<br \/>9. Osoby zak\u0142\u00f3caj\u0105ce spok\u00f3j oraz nie stosuj\u0105ce si\u0119 do regulaminu\u00a0 b\u0119d\u0105 wypraszane z terenu posesji bez prawa do jakiegokolwiek odszkodowania.<br \/>10. W aneksach kuchennych zabrania si\u0119 np. sma\u017cenie ryb i potraw o intensywnym zapachu ( wym\u00f3g dla dobros\u0105siedztwa wszystkich Gosci domu Luna)<br \/>11. Za bezpiecze\u0144stwo dzieci odpowiadaj\u0105 rodzice lub opiekunowie. Dotyczy to placu zabaw i ca\u0142ej posesji.<br \/>12. Odbieranie jak i zdawanie pokoi odbywa si\u0119 w obecno\u015bci gospodarza obiektu.<br \/>13. Nie przyjmujemy go\u015bci ze zwierz\u0119tami.(ewentualnie za uzgodnieniem)<\/div><div class=\"textContainer\">14. Brak mo\u017cliwo\u015bci przebywania os\u00f3b nie maj\u0105cych wykupionego noclegu na terenie naszej posesji,\u00a0 ma to na celu zachowanie ciszy i spokoju kt\u00f3ry jest zagwarantowany dla naszych go\u015bci,\u00a0 prosi si\u0119 o nie zapraszanie przez naszych go\u015bci znajomych ,rodzin itd\u00a0<br \/>15, Osoby nadliczbowe,\u00a0 kt\u00f3re nie by\u0142y zg\u0142aszane przy rezerwacji b\u0119d\u0105 traktowane\u00a0 jako go\u015bcie dodatkowi, a co za tym idzie stawka\u00a0 b\u0119dzie ustalana na miejscu\u00a0 za te osoby\u00a0 lub\u00a0 nie b\u0119d\u0105 przyjmowane, wszystkie osoby musz\u0105 byc zg\u0142 w czasie rezerwacji.<\/div><div class=\"textContainer\">Niniejszy regulamin ma s\u0142u\u017cy\u0107 tylko i wy\u0142\u0105cznie dobremu wypoczynkowi jak i zachowaniu maximum\u00a0 prywatno\u015bci.<\/div><p>\u00a0<\/p><\/div>\n\t\t\t\t<\/div>\n\t\t\t\t<\/div>\n\t\t\t\t\t\t<\/div>\n\t\t\t<\/div>\n\t\t<\/div>\n\t\t\t\t\t\t<\/div>\n\t\t\t<\/div>\n\t\t<\/section>\n\t\t\t\t<section class=\"elementor-element elementor-element-8b7ac58 elementor-section-content-middle elementor-section-boxed elementor-section-height-default elementor-section-height-default elementor-section elementor-top-section\" data-id=\"8b7ac58\" data-element_type=\"section\" id=\"kontakt\" data-settings=\"{&quot;background_background&quot;:&quot;classic&quot;}\">\n\t\t\t\t\t\t<div class=\"elementor-container elementor-column-gap-wide\">\n\t\t\t\t<div class=\"elementor-row\">\n\t\t\t\t<div class=\"elementor-element elementor-element-37bd71ab elementor-column elementor-col-50 elementor-top-column\" data-id=\"37bd71ab\" data-element_type=\"column\">\n\t\t\t<div class=\"elementor-column-wrap  elementor-element-populated\">\n\t\t\t\t\t<div class=\"elementor-widget-wrap\">\n\t\t\t\t<div class=\"elementor-element elementor-element-1dbfa1f8 elementor-widget elementor-widget-google_maps\" data-id=\"1dbfa1f8\" data-element_type=\"widget\" data-widget_type=\"google_maps.default\">\n\t\t\t\t<div class=\"elementor-widget-container\">\n\t\t\t<div class=\"elementor-custom-embed\"><iframe frameborder=\"0\" scrolling=\"no\" marginheight=\"0\" marginwidth=\"0\" src=\"https:\/\/maps.google.com\/maps?q=Luna%20g%C4%85ski&amp;t=m&amp;z=13&amp;output=embed&amp;iwloc=near\" aria-label=\"Luna g\u0105ski\"><\/iframe><\/div>\t\t<\/div>\n\t\t\t\t<\/div>\n\t\t\t\t\t\t<\/div>\n\t\t\t<\/div>\n\t\t<\/div>\n\t\t\t\t<div class=\"elementor-element elementor-element-617a8846 elementor-column elementor-col-50 elementor-top-column\" data-id=\"617a8846\" data-element_type=\"column\">\n\t\t\t<div class=\"elementor-column-wrap  elementor-element-populated\">\n\t\t\t\t\t<div class=\"elementor-widget-wrap\">\n\t\t\t\t<div class=\"elementor-element elementor-element-815d40e elementor-widget elementor-widget-heading\" data-id=\"815d40e\" data-element_type=\"widget\" data-widget_type=\"heading.default\">\n\t\t\t\t<div class=\"elementor-widget-container\">\n\t\t\t<h2 class=\"elementor-heading-title elementor-size-xxl\">Kontakt<\/h2>\t\t<\/div>\n\t\t\t\t<\/div>\n\t\t\t\t<div class=\"elementor-element elementor-element-3d9dd131 elementor-invisible elementor-widget elementor-widget-divider\" data-id=\"3d9dd131\" data-element_type=\"widget\" data-settings=\"{&quot;_animation&quot;:&quot;fadeInUp&quot;}\" data-widget_type=\"divider.default\">\n\t\t\t\t<div class=\"elementor-widget-container\">\n\t\t\t\t\t<div class=\"elementor-divider\">\n\t\t\t<span class=\"elementor-divider-separator\"><\/span>\n\t\t<\/div>\n\t\t\t\t<\/div>\n\t\t\t\t<\/div>\n\t\t\t\t<div class=\"elementor-element elementor-element-72854604 elementor-widget elementor-widget-text-editor\" data-id=\"72854604\" data-element_type=\"widget\" data-widget_type=\"text-editor.default\">\n\t\t\t\t<div class=\"elementor-widget-container\">\n\t\t\t\t\t<div class=\"elementor-text-editor elementor-clearfix\"><p>LUNA Apartamenty<br \/>Maria Nowak<br \/>ul. \u017baglowa 13<br \/>76-034 G\u0105ski<br \/><br \/><\/p><p>tel. 602-894-424<br \/>www.luna-gaski.pl<br \/>e-mail:\u00a0<span id=\"cloak46115\"><a href=\"mailto:apartamenty@luna-gaski.pl\">apartamenty@luna-gaski.pl<\/a><\/span><\/p><\/div>\n\t\t\t\t<\/div>\n\t\t\t\t<\/div>\n\t\t\t\t<div class=\"elementor-element elementor-element-2ad443ea elementor-button-align-stretch elementor-invisible elementor-widget elementor-widget-form\" data-id=\"2ad443ea\" data-element_type=\"widget\" data-settings=\"{&quot;_animation&quot;:&quot;fadeInUp&quot;,&quot;_animation_delay&quot;:800}\" data-widget_type=\"form.default\">\n\t\t\t\t<div class=\"elementor-widget-container\">\n\t\t\t\t\t<form class=\"elementor-form\" method=\"post\" name=\"New Form\">\n\t\t\t<input type=\"hidden\" name=\"post_id\" value=\"205\"\/>\n\t\t\t<input type=\"hidden\" name=\"form_id\" value=\"2ad443ea\"\/>\n\n\t\t\t<div class=\"elementor-form-fields-wrapper elementor-labels-above\">\n\t\t\t\t\t\t\t\t<div class=\"elementor-field-type-text elementor-field-group elementor-column elementor-field-group- elementor-col-50\">\n\t\t\t\t\t<input size=\"1\" type=\"text\" name=\"form_fields[]\" id=\"form-field-\" class=\"elementor-field elementor-size-sm  elementor-field-textual\" placeholder=\"Imi\u0119\">\t\t\t\t<\/div>\n\t\t\t\t\t\t\t\t<div class=\"elementor-field-type-text elementor-field-group elementor-column elementor-field-group- elementor-col-50\">\n\t\t\t\t\t<input size=\"1\" type=\"text\" name=\"form_fields[]\" id=\"form-field-\" class=\"elementor-field elementor-size-sm  elementor-field-textual\" placeholder=\"Nazwisko\">\t\t\t\t<\/div>\n\t\t\t\t\t\t\t\t<div class=\"elementor-field-type-email elementor-field-group elementor-column elementor-field-group- elementor-col-100 elementor-field-required\">\n\t\t\t\t\t<input size=\"1\" type=\"email\" name=\"form_fields[]\" id=\"form-field-\" class=\"elementor-field elementor-size-sm  elementor-field-textual\" placeholder=\"Email\" required=\"required\" aria-required=\"true\">\t\t\t\t<\/div>\n\t\t\t\t\t\t\t\t<div class=\"elementor-field-type-textarea elementor-field-group elementor-column elementor-field-group- elementor-col-100\">\n\t\t\t\t\t<textarea class=\"elementor-field-textual elementor-field  elementor-size-sm\" name=\"form_fields[]\" id=\"form-field-\" rows=\"4\" placeholder=\"Wiadomo\u015b\u0107\"><\/textarea>\t\t\t\t<\/div>\n\t\t\t\t\t\t\t\t<div class=\"elementor-field-group elementor-column elementor-field-type-submit elementor-col-100\">\n\t\t\t\t\t<button type=\"submit\" class=\"elementor-button elementor-size-sm elementor-animation-float\">\n\t\t\t\t\t\t<span >\n\t\t\t\t\t\t\t\t\t\t\t\t\t\t\t<span class=\"elementor-align-icon-right elementor-button-icon\">\n\t\t\t\t\t\t\t\t\t<i class=\"fa fa-paper-plane-o\" aria-hidden=\"true\"><\/i>\n\t\t\t\t\t\t\t\t\t\t\t\t\t\t\t\t\t<\/span>\n\t\t\t\t\t\t\t\t\t\t\t\t\t\t\t\t\t\t\t\t\t\t<span class=\"elementor-button-text\">wy\u015blij<\/span>\n\t\t\t\t\t\t\t\t\t\t\t\t\t<\/span>\n\t\t\t\t\t<\/button>\n\t\t\t\t<\/div>\n\t\t\t<\/div>\n\t\t<\/form>\n\t\t\t\t<\/div>\n\t\t\t\t<\/div>\n\t\t\t\t\t\t<\/div>\n\t\t\t<\/div>\n\t\t<\/div>\n\t\t\t\t\t\t<\/div>\n\t\t\t<\/div>\n\t\t<\/section>\n\t\t\t\t<section class=\"elementor-element elementor-element-6b38560 elementor-section-height-min-height elementor-section-content-middle elementor-section-boxed elementor-section-height-default elementor-section-items-middle elementor-section elementor-top-section\" data-id=\"6b38560\" data-element_type=\"section\" data-settings=\"{&quot;background_background&quot;:&quot;classic&quot;}\">\n\t\t\t\t\t\t<div class=\"elementor-container elementor-column-gap-default\">\n\t\t\t\t<div class=\"elementor-row\">\n\t\t\t\t<div class=\"elementor-element elementor-element-35d7a2be elementor-column elementor-col-50 elementor-top-column\" data-id=\"35d7a2be\" data-element_type=\"column\">\n\t\t\t<div class=\"elementor-column-wrap  elementor-element-populated\">\n\t\t\t\t\t<div class=\"elementor-widget-wrap\">\n\t\t\t\t<div class=\"elementor-element elementor-element-2db29c00 elementor-widget elementor-widget-heading\" data-id=\"2db29c00\" data-element_type=\"widget\" data-widget_type=\"heading.default\">\n\t\t\t\t<div class=\"elementor-widget-container\">\n\t\t\t<p class=\"elementor-heading-title elementor-size-default\">MW PROGRESS Obs\u0142uga Informatyczna Firm 2019<\/p>\t\t<\/div>\n\t\t\t\t<\/div>\n\t\t\t\t\t\t<\/div>\n\t\t\t<\/div>\n\t\t<\/div>\n\t\t\t\t<div class=\"elementor-element elementor-element-1198e13f elementor-column elementor-col-50 elementor-top-column\" data-id=\"1198e13f\" data-element_type=\"column\">\n\t\t\t<div class=\"elementor-column-wrap\">\n\t\t\t\t\t<div class=\"elementor-widget-wrap\">\n\t\t\t\t\t\t<\/div>\n\t\t\t<\/div>\n\t\t<\/div>\n\t\t\t\t\t\t<\/div>\n\t\t\t<\/div>\n\t\t<\/section>\n\t\t\t\t\t\t<\/div>\n\t\t\t<\/div>\n\t\t<\/div>\n\t\t","protected":false},"excerpt":{"rendered":"<p>Luna G\u0105skizapraszamy zarezerwuj Cennik i regulamin domek szeregowy 4 osobowy od 200 do 400 domek szeregowy\u00a0 5 osobowy od 220 do 400 \u00a0 Nr. rach. 84 1050 1214 1000 0022 0045 1744\u00a0Maria Nowak\u017baglowa 13 G\u0105ski76-034 Sarbinowo\u00a0Rezerwacja jest wa\u017cna po dokonaniu zadatku 500z\u0142\u00a0 za 1 tydzie\u0144 i 1000z\u0142 za 2 tygodnie\u00a0\u00a0 w terminie 3dni od rezerwacji &hellip; <a href=\"https:\/\/luna-gaski.pl\/?page_id=205\" class=\"more-link\">Czytaj dalej <span class=\"screen-reader-text\">Cennik<\/span><\/a><\/p>\n","protected":false},"author":1,"featured_media":0,"parent":0,"menu_order":0,"comment_status":"closed","ping_status":"closed","template":"elementor_header_footer","meta":{"footnotes":""},"class_list":["post-205","page","type-page","status-publish","hentry"],"_links":{"self":[{"href":"https:\/\/luna-gaski.pl\/index.php?rest_route=\/wp\/v2\/pages\/205","targetHints":{"allow":["GET"]}}],"collection":[{"href":"https:\/\/luna-gaski.pl\/index.php?rest_route=\/wp\/v2\/pages"}],"about":[{"href":"https:\/\/luna-gaski.pl\/index.php?rest_route=\/wp\/v2\/types\/page"}],"author":[{"embeddable":true,"href":"https:\/\/luna-gaski.pl\/index.php?rest_route=\/wp\/v2\/users\/1"}],"replies":[{"embeddable":true,"href":"https:\/\/luna-gaski.pl\/index.php?rest_route=%2Fwp%2Fv2%2Fcomments&post=205"}],"version-history":[{"count":31,"href":"https:\/\/luna-gaski.pl\/index.php?rest_route=\/wp\/v2\/pages\/205\/revisions"}],"predecessor-version":[{"id":574,"href":"https:\/\/luna-gaski.pl\/index.php?rest_route=\/wp\/v2\/pages\/205\/revisions\/574"}],"wp:attachment":[{"href":"https:\/\/luna-gaski.pl\/index.php?rest_route=%2Fwp%2Fv2%2Fmedia&parent=205"}],"curies":[{"name":"wp","href":"https:\/\/api.w.org\/{rel}","templated":true}]}}